{"id":5,"date":"2020-01-13T11:17:52","date_gmt":"2020-01-13T11:17:52","guid":{"rendered":"https:\/\/demosites.io\/web-agency-gb\/?page_id=5"},"modified":"2023-07-23T16:25:04","modified_gmt":"2023-07-23T14:25:04","slug":"15c42-web-agency-gb-home","status":"publish","type":"page","link":"http:\/\/mikaru.pl\/","title":{"rendered":""},"content":{"rendered":"\n<div class=\"wp-block-cover alignfull is-light\" style=\"min-height:700px;aspect-ratio:unset;\"><span aria-hidden=\"true\" class=\"wp-block-cover__background has-background-dim-0 has-background-dim\"><\/span><img loading=\"lazy\" decoding=\"async\" width=\"1366\" height=\"768\" class=\"wp-block-cover__image-background wp-image-109\" alt=\"\" src=\"http:\/\/mikaru.pl\/wp-content\/uploads\/2020\/07\/web-design-studio-01.jpg.jpg\" style=\"object-position:50% 64%\" data-object-fit=\"cover\" data-object-position=\"50% 64%\"\/><div class=\"wp-block-cover__inner-container is-layout-flow wp-block-cover-is-layout-flow\">\n<h1 class=\"wp-block-heading has-text-align-center has-text-color\" id=\"mikaru\" style=\"color:#121212\">MIKARU<\/h1>\n\n\n\n<h1 class=\"wp-block-heading has-text-align-center has-text-color\" id=\"systemy-alarmowe-monitoring-cctv-ip-uslugi-informatyczne\" style=\"color:#121212\"> systemy alarmowe, monitoring CCTV IP, us\u0142ugi informatyczne<\/h1>\n\n\n\n<p class=\"has-text-align-center has-neve-link-color-color has-text-color has-large-font-size\">Projekt  &#8211; Instalacja &#8211; Serwis<\/p>\n<\/div><\/div>\n\n\n\n<a name=\"oferta\"> <\/a>\n\n\n\n<div style=\"height:108px\" aria-hidden=\"true\" class=\"wp-block-spacer\"><\/div>\n\n\n\n<div class=\"wp-block-columns is-layout-flex wp-container-core-columns-is-layout-9d6595d7 wp-block-columns-is-layout-flex\">\n<div class=\"wp-block-column is-layout-flow wp-block-column-is-layout-flow\"><div class=\"wp-block-image icon-style is-style-rounded\">\n<figure class=\"aligncenter size-large\"><img loading=\"lazy\" decoding=\"async\" width=\"72\" height=\"72\" src=\"http:\/\/mikaru.pl\/wp-content\/uploads\/2020\/01\/neve-webdesign-GB-03.png\" alt=\"\" class=\"wp-image-20\" title=\"\"\/><\/figure>\n<\/div>\n\n\n<h3 class=\"wp-block-heading has-text-align-center has-neve-text-color-color has-text-color\" id=\"systemy-alarmowe\">Systemy Alarmowe<\/h3>\n\n\n\n<p class=\"has-text-align-center\">Instalacja, serwis oraz wymiana system\u00f3w alarmowych firmy Satel z rozbudow\u0105 o automatyk\u0119 budynkow\u0105.<\/p>\n\n\n\n<div style=\"height:20px\" aria-hidden=\"true\" class=\"wp-block-spacer\"><\/div>\n<\/div>\n\n\n\n<div class=\"wp-block-column is-layout-flow wp-block-column-is-layout-flow\"><div class=\"wp-block-image icon-style is-style-rounded\">\n<figure class=\"aligncenter size-large\"><img loading=\"lazy\" decoding=\"async\" width=\"72\" height=\"72\" src=\"http:\/\/mikaru.pl\/wp-content\/uploads\/2020\/01\/neve-webdesign-GB-04.png\" alt=\"\" class=\"wp-image-21\"\/><\/figure>\n<\/div>\n\n\n<h3 class=\"wp-block-heading has-text-align-center has-neve-text-color-color has-text-color\" id=\"systemy-monitoringu\">Systemy Monitoringu<\/h3>\n\n\n\n<p class=\"has-text-align-center\">Monta\u017c, serwis kamer CCTV oraz IP wraz z rejestratorem oraz konfiguracja systemu. <\/p>\n\n\n\n<div style=\"height:20px\" aria-hidden=\"true\" class=\"wp-block-spacer\"><\/div>\n<\/div>\n\n\n\n<div class=\"wp-block-column is-layout-flow wp-block-column-is-layout-flow\"><div class=\"wp-block-image icon-style is-style-rounded\">\n<figure class=\"aligncenter size-large\"><img loading=\"lazy\" decoding=\"async\" width=\"72\" height=\"72\" src=\"http:\/\/mikaru.pl\/wp-content\/uploads\/2020\/01\/neve-webdesign-GB-01.png\" alt=\"\" class=\"wp-image-18\"\/><\/figure>\n<\/div>\n\n\n<h3 class=\"wp-block-heading has-text-align-center has-neve-text-color-color has-text-color\" id=\"uslugi-informatyczne\">Us\u0142ugi informatyczne<\/h3>\n\n\n\n<p class=\"has-text-align-center\">Naprawa oraz modernizacja komputer\u00f3w, instalacja oprogramowania, budowa sieci LAN oraz WiFi<\/p>\n\n\n\n<div style=\"height:20px\" aria-hidden=\"true\" class=\"wp-block-spacer\"><\/div>\n<\/div>\n<\/div>\n\n\n\n<div style=\"height:80px\" aria-hidden=\"true\" class=\"wp-block-spacer\"><\/div>\n\n\n\n<div class=\"wp-block-cover alignfull\" style=\"min-height:600px;aspect-ratio:unset;\"><span aria-hidden=\"true\" class=\"wp-block-cover__background has-nv-light-bg-background-color has-background-dim-100 has-background-dim\"><\/span><div class=\"wp-block-cover__inner-container is-layout-flow wp-block-cover-is-layout-flow\">\n<div class=\"wp-block-group\"><div class=\"wp-block-group__inner-container is-layout-flow wp-block-group-is-layout-flow\">\n<a name=\"zaufali\"> <\/a>\n\n\n\n<div style=\"height:80px\" aria-hidden=\"true\" class=\"wp-block-spacer\"><\/div>\n\n\n\n<div class=\"wp-block-columns are-vertically-aligned-center is-layout-flex wp-container-core-columns-is-layout-9d6595d7 wp-block-columns-is-layout-flex\">\n<div class=\"wp-block-column is-vertically-aligned-center is-layout-flow wp-block-column-is-layout-flow\" style=\"flex-basis:50%\">\n<figure class=\"wp-block-image size-large\"><img loading=\"lazy\" decoding=\"async\" width=\"600\" height=\"600\" src=\"http:\/\/mikaru.pl\/wp-content\/uploads\/2021\/07\/zaufali_nam.png\" alt=\"\" class=\"wp-image-338\" srcset=\"http:\/\/mikaru.pl\/wp-content\/uploads\/2021\/07\/zaufali_nam.png 600w, http:\/\/mikaru.pl\/wp-content\/uploads\/2021\/07\/zaufali_nam-300x300.png 300w, http:\/\/mikaru.pl\/wp-content\/uploads\/2021\/07\/zaufali_nam-150x150.png 150w\" sizes=\"auto, (max-width: 600px) 100vw, 600px\" \/><\/figure>\n<\/div>\n\n\n\n<div class=\"wp-block-column is-vertically-aligned-center is-layout-flow wp-block-column-is-layout-flow\" style=\"flex-basis:50%\">\n<div style=\"height:20px\" aria-hidden=\"true\" class=\"wp-block-spacer\"><\/div>\n\n\n\n<h2 class=\"wp-block-heading has-text-align-left has-neve-text-color-color has-text-color\" id=\"zaufali-nam\">Zaufali nam <\/h2>\n\n\n\n<ul class=\"has-neve-link-color-color has-text-color wp-block-list\">\n<li>Nature Life<\/li>\n\n\n\n<li>Przedszkole Niepubliczne Przedszkolandia<\/li>\n\n\n\n<li>Hotel Logos<\/li>\n\n\n\n<li>Wn\u0119trza dla ciebie<\/li>\n\n\n\n<li>Ostoja Press<\/li>\n\n\n\n<li>Zak\u0142ad us\u0142ug przeciwpo\u017carowych Edward Sulikowski<\/li>\n\n\n\n<li>Przedsi\u0119biorstwo Handlowe Robotex<\/li>\n\n\n\n<li> Wsp\u00f3lnota Mieszkaniowa Ko\u015bciuszki 29-31<\/li>\n\n\n\n<li> Wsp\u00f3lnota Mieszkaniowa Ko\u015bciuszki 12<\/li>\n\n\n\n<li>Language Services &#8222;Lingua&#8221;<\/li>\n\n\n\n<li>Przedszkole Niepubliczne w B\u0105kowie<\/li>\n<\/ul>\n\n\n\n<div class=\"wp-block-buttons is-horizontal is-content-justification-left is-layout-flex wp-container-core-buttons-is-layout-7e5fce0a wp-block-buttons-is-layout-flex\"><\/div>\n\n\n\n<p><\/p>\n<\/div>\n<\/div>\n<\/div><\/div>\n<\/div><\/div>\n\n\n\n<div class=\"wp-block-cover alignfull\" style=\"min-height:300px;aspect-ratio:unset;\"><span aria-hidden=\"true\" class=\"wp-block-cover__background has-nv-dark-bg-background-color has-background-dim-100 has-background-dim\"><\/span><div class=\"wp-block-cover__inner-container is-layout-flow wp-block-cover-is-layout-flow\">\n<div style=\"height:80px\" aria-hidden=\"true\" class=\"wp-block-spacer\"><\/div>\n\n\n\n<a name=\"kontakt\"> <\/a>\n\n\n\n<h2 class=\"wp-block-heading has-text-align-center has-nv-text-dark-bg-color has-text-color\" id=\"zapraszam-do-kontaktu\">Zapraszam do kontaktu<\/h2>\n\n\n\n<p>MIKARU Micha\u0142 Rutkowski<br>ul. Wagnera 12<br>80-171 Gda\u0144sk<br>tel : 500 760 210<br>e-mail : biuro@mikaru.pl<\/p>\n\n\n\n<p>NIP: 584-258-51-10<br>REGON: 365740323<br>Nr konta: Bank&nbsp; Millennium 09 1160 2202 0000 0005 0919 5061<\/p>\n\n\n\n<div class=\"wp-block-buttons is-horizontal is-content-justification-center is-layout-flex wp-container-core-buttons-is-layout-499968f5 wp-block-buttons-is-layout-flex\"><\/div>\n<\/div><\/div>\n","protected":false},"excerpt":{"rendered":"<p>Systemy Alarmowe Instalacja, serwis oraz wymiana system\u00f3w alarmowych firmy Satel z rozbudow\u0105 o automatyk\u0119 budynkow\u0105. Systemy Monitoringu Monta\u017c, serwis kamer CCTV oraz IP wraz z rejestratorem oraz konfiguracja systemu. Us\u0142ugi informatyczne Naprawa oraz modernizacja komputer\u00f3w, instalacja oprogramowania, budowa sieci LAN oraz WiFi<\/p>\n","protected":false},"author":1,"featured_media":0,"parent":0,"menu_order":0,"comment_status":"closed","ping_status":"closed","template":"","meta":{"neve_meta_sidebar":"default","neve_meta_container":"default","neve_meta_enable_content_width":"on","neve_meta_content_width":100,"neve_meta_title_alignment":"","neve_meta_author_avatar":"","neve_post_elements_order":"","neve_meta_disable_header":"","neve_meta_disable_footer":"","neve_meta_disable_title":"on","footnotes":""},"class_list":["post-5","page","type-page","status-publish","hentry"],"_links":{"self":[{"href":"http:\/\/mikaru.pl\/index.php?rest_route=\/wp\/v2\/pages\/5","targetHints":{"allow":["GET"]}}],"collection":[{"href":"http:\/\/mikaru.pl\/index.php?rest_route=\/wp\/v2\/pages"}],"about":[{"href":"http:\/\/mikaru.pl\/index.php?rest_route=\/wp\/v2\/types\/page"}],"author":[{"embeddable":true,"href":"http:\/\/mikaru.pl\/index.php?rest_route=\/wp\/v2\/users\/1"}],"replies":[{"embeddable":true,"href":"http:\/\/mikaru.pl\/index.php?rest_route=%2Fwp%2Fv2%2Fcomments&post=5"}],"version-history":[{"count":24,"href":"http:\/\/mikaru.pl\/index.php?rest_route=\/wp\/v2\/pages\/5\/revisions"}],"predecessor-version":[{"id":387,"href":"http:\/\/mikaru.pl\/index.php?rest_route=\/wp\/v2\/pages\/5\/revisions\/387"}],"wp:attachment":[{"href":"http:\/\/mikaru.pl\/index.php?rest_route=%2Fwp%2Fv2%2Fmedia&parent=5"}],"curies":[{"name":"wp","href":"https:\/\/api.w.org\/{rel}","templated":true}]}}